{"id":125,"date":"2022-11-25T19:40:45","date_gmt":"2022-11-25T19:40:45","guid":{"rendered":"http:\/\/www.silviutatu.ro\/?page_id=125"},"modified":"2022-11-25T20:09:05","modified_gmt":"2022-11-25T20:09:05","slug":"blog","status":"publish","type":"page","link":"http:\/\/www.silviutatu.ro\/index.php\/blog\/","title":{"rendered":"BLOG"},"content":{"rendered":"<!--themify_builder_content-->\n<div id=\"themify_builder_content-125\" data-postid=\"125\" class=\"themify_builder_content themify_builder_content-125 themify_builder tf_clear\">\n                    <div  data-anchor=\"new-release\" data-css_id=\"5a5j755\" data-lazy=\"1\" class=\"module_row themify_builder_row fullheight fullwidth tb_has_section tb_section-new-release tb_5a5j755 tb_first tf_w\">\n                        <div class=\"row_inner col_align_middle tb_col_count_1 tf_box tf_rel\">\n                        <div  data-lazy=\"1\" class=\"module_column tb-column col-full tb_dhxb756 first\">\n                    <!-- module text -->\n<div  class=\"module module-text tb_1nfm756  repeat \" data-lazy=\"1\">\n        <div  class=\"tb_text_wrap\">\n        <h1>Blog<\/h1>\n<p><em>Necesitatea acestui blog a ap\u0103rut ca r\u0103spuns la solicitarea studen\u0163ilor de a fi asista\u0163i in absentia, de la distan\u0163\u0103, cu materialele relevante pentru disciplinele predate ex cathedra. Speran\u0163a mea este ca acest mijloc modern s\u0103 ne permit\u0103 o comunicare mai eficient\u0103 \u015fi s\u0103 faciliteze celor interesa\u0163i un progres notabil \u00een educa\u0163ia biblic\u0103. Nu este exclus ca pe aceast\u0103 cale \u015fi al\u0163i studen\u0163i ai Bibliei s\u0103 ia contact cu informa\u0163ia vehiculat\u0103 \u00een sferele academice \u015fi din interac\u0163iunea noastr\u0103 fructuoas\u0103 s\u0103 fie cultivat\u0103 pasiunea pentru Sfintele Scripturi ale Bibliei ebraice.<\/em><\/p>\n<p><em>Metafora drumului este specific\u0103 literaturii biblice. Izvor\u00e2nd din spa\u0163iul cultural semitic, ea descrie via\u0163a sau rela\u0163iile interumane ca pe o c\u0103l\u0103torie. V\u0103 invit s\u0103 c\u0103l\u0103torim \u00eempreun\u0103 pe c\u0103r\u0103rile vechi \u015fi noi ale culturii biblice.<\/em><\/p>\n<p><strong>Update, 26 noiembrie 2011<\/strong><\/p>\n<p><em>De la ini\u0163ierea sa p\u00e2n\u0103 la 25 noiembrie 2011, situl pe care v\u0103 afla\u0163i a fost cunoscut ca \u201eStudiul Vechiului Testament: resurse, note de curs, informa\u0163ii de specialitate, medita\u0163ii\u201d. Am schimbat titlul pentru c\u0103 preocup\u0103rile mele recente au ie\u015fit pu\u0163in c\u00e2te pu\u0163in din sfera strict\u0103 a scopului propus ini\u0163ial. Inten\u0163ionez ca \u015fi \u00een continuare s\u0103 p\u0103strez interfa\u0163a cu publicul \u00een sensul c\u0103 voi c\u0103uta s\u0103 postez aspecte utile pentru c\u0103ut\u0103torii sinceri, chiar dac\u0103 nu au cea mai \u00eenalt\u0103 preg\u0103tire teologic\u0103.<\/em><\/p>\n<p><em>Acest titlu mi-a fost inspirat de perspectiva Revela\u0163iei lui Ioan cu privire la cele dou\u0103 realit\u0103\u0163i \u00een func\u0163ie de care se defineau cre\u015ftinii primului veac: Cuv\u00e2ntul lui Dumnezeu \u015fi m\u0103rturia Domnului Isus (1:2; 12:17; 19:9-10). Prima vorbe\u015fte despre Scripturile ebraice care circulau \u00een versiunea greceasc\u0103 \u00een Biserica primar\u0103. A doua este mai complex\u0103 \u015fi include pe l\u00e2ng\u0103 amintirea vie\u0163ii exemplare a lui Cristos \u015fi \u00eenv\u0103\u0163\u0103turile Sale, integrate cu timpul \u00een evanghelii, \u015fi reflec\u0163iile teologice ale apostolilor cu privire la cele dinainte \u015fi practicile inspirate de ele (epistolele). Apostolul Pavel vorbe\u015fte despre cea dint\u00e2i realitate prin expresia Sfintele Scripturi (2Tim. 3:15-16), iar despre cea de-a doua \u2013 prin expresia \u201etradi\u0163ia primit\u0103 de la noi\u201d (2Tes. 3:6). Din moment ce Vechiul Testament este fundamentul pe care se construie\u015fte documentul Noului Testament \u015fi teologia cre\u015ftin\u0103, mai devreme sau t\u00e2rziu trebuia s\u0103 ajung la aceast\u0103 decizie.<\/em><\/p>\n<p><em>\u00cemi rezerv dreptul de a interzice \u015fi restric\u0163iona accesul acelor internau\u0163i care au uitat ce \u00eenseamn\u0103 bunul sim\u0163 \u015fi \u00eencearc\u0103 s\u0103 foloseasc\u0103 aceast\u0103 platform\u0103 pentru publicarea unor idei deplasate \u015fi \u00een neconcordan\u0163\u0103 cu spiritul cre\u015ftinismului.<\/em><\/p>    <\/div>\n<\/div>\n<!-- \/module text -->        <\/div>\n                        <\/div>\n        <\/div>\n                        <div  data-lazy=\"1\" class=\"module_row themify_builder_row tb_o4fu954 tf_w\">\n                        <div class=\"row_inner col_align_top tb_col_count_1 tf_box tf_rel\">\n                        <div  data-lazy=\"1\" class=\"module_column tb-column col-full tb_tb4q955 first\">\n                            <div  data-lazy=\"1\" class=\"module_subrow themify_builder_sub_row tf_w col_align_top tb_col_count_1 tb_z4ok122\">\n                <div  data-lazy=\"1\" class=\"module_column sub_column col-full tb_vlqa123 first\">\n                    <!-- module post -->\n<div  class=\"module module-post tb_1wiq869 \">\n    <div  class=\"builder-posts-wrap loops-wrapper grid3 masonry classic tf_rel tf_clear tf_clearfix\" data-lazy=\"1\">\n    <article id=\"post-147\" class=\"post tf_clearfix post-147 type-post status-publish format-standard hentry category-uncategorized has-post-title has-post-date has-post-category has-post-tag has-post-comment has-post-author \">\n\t    \n\t\t<div class=\"post-content\">\n\t\t<div class=\"post-content-inner\">\n\n\t\t\t\t\t\t\t\t<div class=\"post-date-wrap post-date-inline\">\n\t\t<time class=\"post-date entry-date updated\" datetime=\"2022-11-25\">\n\t\t\t\t\t<span class=\"year\">November 25, 2022<\/span>\n\t\t\t\t<\/time>\n\t<\/div><!-- .post-date-wrap -->\n\t\t\t\t\n\t\t\t<h2 class=\"post-title entry-title\"><a href=\"http:\/\/www.silviutatu.ro\/index.php\/2022\/11\/25\/reflectii-despre-modestie\/\">Reflec\u021bii despre modestie<\/a><\/h2>\n\t\t\t\n\t\t\t\n\t\t\t        <div class=\"entry-content\">\n\n        \n            <p>Inten\u021bionez s\u0103 mai prelucrez un pic aceste g\u00e2nduri despre modestie ca virtute cre\u0219tin\u0103. Deocamdat\u0103&nbsp;aici&nbsp;le g\u0103si\u021bi a\u0219a cum le-am expus la Biserica Baptist\u0103 \u201eBetania\u201d din Sibiu.<\/p>\n\n                \n            \n        <\/div><!-- \/.entry-content -->\n        \n\t\t<\/div>\n\t\t<!-- \/.post-content-inner -->\n\t<\/div>\n\t<!-- \/.post-content -->\n\t\n<\/article>\n<!-- \/.post -->\n<article id=\"post-144\" class=\"post tf_clearfix post-144 type-post status-publish format-standard hentry category-uncategorized has-post-title has-post-date has-post-category has-post-tag has-post-comment has-post-author \">\n\t    \n\t\t<div class=\"post-content\">\n\t\t<div class=\"post-content-inner\">\n\n\t\t\t\t\t\t\t\t<div class=\"post-date-wrap post-date-inline\">\n\t\t<time class=\"post-date entry-date updated\" datetime=\"2022-11-25\">\n\t\t\t\t\t<span class=\"year\">November 25, 2022<\/span>\n\t\t\t\t<\/time>\n\t<\/div><!-- .post-date-wrap -->\n\t\t\t\t\n\t\t\t<h2 class=\"post-title entry-title\"><a href=\"http:\/\/www.silviutatu.ro\/index.php\/2022\/11\/25\/publicatie-noua\/\">Publica\u021bie nou\u0103<\/a><\/h2>\n\t\t\t\n\t\t\t\n\t\t\t        <div class=\"entry-content\">\n\n        \n            <p>Editura Humanitas a scos de la tipar volumul IV al seriei \u201eBiblia dup\u0103 textul ebraic\u201d cu traducerea c\u0103r\u021bilor Iosua \u0219i Judec\u0103tori, \u00eenso\u021bite de note introductive [&hellip;]<\/p>\n\n                \n            \n        <\/div><!-- \/.entry-content -->\n        \n\t\t<\/div>\n\t\t<!-- \/.post-content-inner -->\n\t<\/div>\n\t<!-- \/.post-content -->\n\t\n<\/article>\n<!-- \/.post -->\n<article id=\"post-1\" class=\"post tf_clearfix post-1 type-post status-publish format-standard hentry category-uncategorized has-post-title has-post-date has-post-category has-post-tag has-post-comment has-post-author \">\n\t    \n\t\t<div class=\"post-content\">\n\t\t<div class=\"post-content-inner\">\n\n\t\t\t\t\t\t\t\t<div class=\"post-date-wrap post-date-inline\">\n\t\t<time class=\"post-date entry-date updated\" datetime=\"2022-10-31\">\n\t\t\t\t\t<span class=\"year\">October 31, 2022<\/span>\n\t\t\t\t<\/time>\n\t<\/div><!-- .post-date-wrap -->\n\t\t\t\t\n\t\t\t<h2 class=\"post-title entry-title\"><a href=\"http:\/\/www.silviutatu.ro\/index.php\/2022\/10\/31\/hello-world\/\">T\u00e2lcuirea Sfintelor Scripturi<\/a><\/h2>\n\t\t\t\n\t\t\t\n\t\t\t        <div class=\"entry-content\">\n\n        \n            <p>\u00cen urm\u0103toarele dou\u0103 luni voi prezenta patru sesiuni de studiu al textelor biblice \u00eencep\u00e2nd cu cele narative. Prezentarea teoretic\u0103 va fi aplicativ\u0103, adic\u0103 vom interac\u021biona [&hellip;]<\/p>\n\n                \n            \n        <\/div><!-- \/.entry-content -->\n        \n\t\t<\/div>\n\t\t<!-- \/.post-content-inner -->\n\t<\/div>\n\t<!-- \/.post-content -->\n\t\n<\/article>\n<!-- \/.post -->\n<article id=\"post-188\" class=\"post tf_clearfix post-188 type-post status-publish format-standard hentry category-uncategorized has-post-title has-post-date has-post-category has-post-tag has-post-comment has-post-author \">\n\t    \n\t\t<div class=\"post-content\">\n\t\t<div class=\"post-content-inner\">\n\n\t\t\t\t\t\t\t\t<div class=\"post-date-wrap post-date-inline\">\n\t\t<time class=\"post-date entry-date updated\" datetime=\"2022-10-22\">\n\t\t\t\t\t<span class=\"year\">October 22, 2022<\/span>\n\t\t\t\t<\/time>\n\t<\/div><!-- .post-date-wrap -->\n\t\t\t\t\n\t\t\t<h2 class=\"post-title entry-title\"><a href=\"http:\/\/www.silviutatu.ro\/index.php\/2022\/10\/22\/studii-la-epistola-lui-pavel-catre-romani\/\">Studii la epistola lui Pavel c\u0103tre\u00a0romani<\/a><\/h2>\n\t\t\t\n\t\t\t\n\t\t\t        <div class=\"entry-content\">\n\n        \n            <p>Prin harul lui Dumnezeu am \u00eenceput s\u0103 prezint studii la aceast\u0103 lucrare capital\u0103 a apostolului Pavel. Le pute\u021bi urm\u0103ri pe canalul youtube al Bisericii Cre\u0219tine [&hellip;]<\/p>\n\n                \n            \n        <\/div><!-- \/.entry-content -->\n        \n\t\t<\/div>\n\t\t<!-- \/.post-content-inner -->\n\t<\/div>\n\t<!-- \/.post-content -->\n\t\n<\/article>\n<!-- \/.post -->\n<article id=\"post-191\" class=\"post tf_clearfix post-191 type-post status-publish format-standard hentry category-uncategorized has-post-title has-post-date has-post-category has-post-tag has-post-comment has-post-author \">\n\t    \n\t\t<div class=\"post-content\">\n\t\t<div class=\"post-content-inner\">\n\n\t\t\t\t\t\t\t\t<div class=\"post-date-wrap post-date-inline\">\n\t\t<time class=\"post-date entry-date updated\" datetime=\"2022-10-15\">\n\t\t\t\t\t<span class=\"year\">October 15, 2022<\/span>\n\t\t\t\t<\/time>\n\t<\/div><!-- .post-date-wrap -->\n\t\t\t\t\n\t\t\t<h2 class=\"post-title entry-title\"><a href=\"http:\/\/www.silviutatu.ro\/index.php\/2022\/10\/15\/o-pregustare-a-inchinarii-conform-textelor-vechiului-testament\/\">O pregustare a \u00eenchin\u0103rii conform textelor Vechiului\u00a0Testament<\/a><\/h2>\n\t\t\t\n\t\t\t\n\t\t\t        <div class=\"entry-content\">\n\n        \n            <p>Duminic\u0103, 16 octombrie 2022, orele 10 \u0219i 18, voi fi la Biserica Penticostal\u0103 \u201eAdoratio\u201d din Flore\u0219ti, l\u00e2ng\u0103 Cluj-Napoca, pentru dou\u0103 mesaje despre principiile \u0219i limbajul [&hellip;]<\/p>\n\n                \n            \n        <\/div><!-- \/.entry-content -->\n        \n\t\t<\/div>\n\t\t<!-- \/.post-content-inner -->\n\t<\/div>\n\t<!-- \/.post-content -->\n\t\n<\/article>\n<!-- \/.post -->\n<article id=\"post-194\" class=\"post tf_clearfix post-194 type-post status-publish format-standard hentry category-uncategorized has-post-title has-post-date has-post-category has-post-tag has-post-comment has-post-author \">\n\t    \n\t\t<div class=\"post-content\">\n\t\t<div class=\"post-content-inner\">\n\n\t\t\t\t\t\t\t\t<div class=\"post-date-wrap post-date-inline\">\n\t\t<time class=\"post-date entry-date updated\" datetime=\"2022-07-01\">\n\t\t\t\t\t<span class=\"year\">July 1, 2022<\/span>\n\t\t\t\t<\/time>\n\t<\/div><!-- .post-date-wrap -->\n\t\t\t\t\n\t\t\t<h2 class=\"post-title entry-title\"><a href=\"http:\/\/www.silviutatu.ro\/index.php\/2022\/07\/01\/izbavita-din-coltii-cainilor\/\">Izb\u0103vit\u0103 din col\u021bii\u00a0c\u00e2inilor<\/a><\/h2>\n\t\t\t\n\t\t\t\n\t\t\t        <div class=\"entry-content\">\n\n        \n            <p>De c\u00e2nd am aflat c\u0103 ra\u021bele sunt foarte folositoare \u00een combaterea melcilor \u0219i limac\u0219ilor, ne-am procurat o pereche de ra\u021be din soiul indian\u0103 alerg\u0103toare. Prima [&hellip;]<\/p>\n\n                \n            \n        <\/div><!-- \/.entry-content -->\n        \n\t\t<\/div>\n\t\t<!-- \/.post-content-inner -->\n\t<\/div>\n\t<!-- \/.post-content -->\n\t\n<\/article>\n<!-- \/.post -->\n    <\/div><!-- .builder-posts-wrap -->\n            <\/div>\n<!-- \/module post -->\n            <\/div>\n                    <\/div>\n                <\/div>\n                        <\/div>\n        <\/div>\n        <\/div>\n<!--\/themify_builder_content-->","protected":false},"excerpt":{"rendered":"<p>Blog Necesitatea acestui blog a ap\u0103rut ca r\u0103spuns la solicitarea studen\u0163ilor de a fi asista\u0163i in absentia, de la distan\u0163\u0103, cu materialele relevante pentru disciplinele predate ex cathedra. Speran\u0163a mea este ca acest mijloc modern s\u0103 ne permit\u0103 o comunicare mai eficient\u0103 \u015fi s\u0103 faciliteze celor interesa\u0163i un progres notabil \u00een educa\u0163ia biblic\u0103. Nu este [&hellip;]<\/p>\n","protected":false},"author":1,"featured_media":0,"parent":0,"menu_order":0,"comment_status":"closed","ping_status":"closed","template":"","meta":{"footnotes":""},"class_list":["post-125","page","type-page","status-publish","hentry","has-post-title","has-post-date","has-post-category","has-post-tag","has-post-comment","has-post-author",""],"builder_content":"<h1>Blog<\/h1> <p><em>Necesitatea acestui blog a ap\u0103rut ca r\u0103spuns la solicitarea studen\u0163ilor de a fi asista\u0163i in absentia, de la distan\u0163\u0103, cu materialele relevante pentru disciplinele predate ex cathedra. Speran\u0163a mea este ca acest mijloc modern s\u0103 ne permit\u0103 o comunicare mai eficient\u0103 \u015fi s\u0103 faciliteze celor interesa\u0163i un progres notabil \u00een educa\u0163ia biblic\u0103. Nu este exclus ca pe aceast\u0103 cale \u015fi al\u0163i studen\u0163i ai Bibliei s\u0103 ia contact cu informa\u0163ia vehiculat\u0103 \u00een sferele academice \u015fi din interac\u0163iunea noastr\u0103 fructuoas\u0103 s\u0103 fie cultivat\u0103 pasiunea pentru Sfintele Scripturi ale Bibliei ebraice.<\/em><\/p> <p><em>Metafora drumului este specific\u0103 literaturii biblice. Izvor\u00e2nd din spa\u0163iul cultural semitic, ea descrie via\u0163a sau rela\u0163iile interumane ca pe o c\u0103l\u0103torie. V\u0103 invit s\u0103 c\u0103l\u0103torim \u00eempreun\u0103 pe c\u0103r\u0103rile vechi \u015fi noi ale culturii biblice.<\/em><\/p> <p><strong>Update, 26 noiembrie 2011<\/strong><\/p> <p><em>De la ini\u0163ierea sa p\u00e2n\u0103 la 25 noiembrie 2011, situl pe care v\u0103 afla\u0163i a fost cunoscut ca \u201eStudiul Vechiului Testament: resurse, note de curs, informa\u0163ii de specialitate, medita\u0163ii\u201d. Am schimbat titlul pentru c\u0103 preocup\u0103rile mele recente au ie\u015fit pu\u0163in c\u00e2te pu\u0163in din sfera strict\u0103 a scopului propus ini\u0163ial. Inten\u0163ionez ca \u015fi \u00een continuare s\u0103 p\u0103strez interfa\u0163a cu publicul \u00een sensul c\u0103 voi c\u0103uta s\u0103 postez aspecte utile pentru c\u0103ut\u0103torii sinceri, chiar dac\u0103 nu au cea mai \u00eenalt\u0103 preg\u0103tire teologic\u0103.<\/em><\/p> <p><em>Acest titlu mi-a fost inspirat de perspectiva Revela\u0163iei lui Ioan cu privire la cele dou\u0103 realit\u0103\u0163i \u00een func\u0163ie de care se defineau cre\u015ftinii primului veac: Cuv\u00e2ntul lui Dumnezeu \u015fi m\u0103rturia Domnului Isus (1:2; 12:17; 19:9-10). Prima vorbe\u015fte despre Scripturile ebraice care circulau \u00een versiunea greceasc\u0103 \u00een Biserica primar\u0103. A doua este mai complex\u0103 \u015fi include pe l\u00e2ng\u0103 amintirea vie\u0163ii exemplare a lui Cristos \u015fi \u00eenv\u0103\u0163\u0103turile Sale, integrate cu timpul \u00een evanghelii, \u015fi reflec\u0163iile teologice ale apostolilor cu privire la cele dinainte \u015fi practicile inspirate de ele (epistolele). Apostolul Pavel vorbe\u015fte despre cea dint\u00e2i realitate prin expresia Sfintele Scripturi (2Tim. 3:15-16), iar despre cea de-a doua \u2013 prin expresia \u201etradi\u0163ia primit\u0103 de la noi\u201d (2Tes. 3:6). Din moment ce Vechiul Testament este fundamentul pe care se construie\u015fte documentul Noului Testament \u015fi teologia cre\u015ftin\u0103, mai devreme sau t\u00e2rziu trebuia s\u0103 ajung la aceast\u0103 decizie.<\/em><\/p> <p><em>\u00cemi rezerv dreptul de a interzice \u015fi restric\u0163iona accesul acelor internau\u0163i care au uitat ce \u00eenseamn\u0103 bunul sim\u0163 \u015fi \u00eencearc\u0103 s\u0103 foloseasc\u0103 aceast\u0103 platform\u0103 pentru publicarea unor idei deplasate \u015fi \u00een neconcordan\u0163\u0103 cu spiritul cre\u015ftinismului.<\/em><\/p>","_links":{"self":[{"href":"http:\/\/www.silviutatu.ro\/index.php\/wp-json\/wp\/v2\/pages\/125","targetHints":{"allow":["GET"]}}],"collection":[{"href":"http:\/\/www.silviutatu.ro\/index.php\/wp-json\/wp\/v2\/pages"}],"about":[{"href":"http:\/\/www.silviutatu.ro\/index.php\/wp-json\/wp\/v2\/types\/page"}],"author":[{"embeddable":true,"href":"http:\/\/www.silviutatu.ro\/index.php\/wp-json\/wp\/v2\/users\/1"}],"replies":[{"embeddable":true,"href":"http:\/\/www.silviutatu.ro\/index.php\/wp-json\/wp\/v2\/comments?post=125"}],"version-history":[{"count":18,"href":"http:\/\/www.silviutatu.ro\/index.php\/wp-json\/wp\/v2\/pages\/125\/revisions"}],"predecessor-version":[{"id":155,"href":"http:\/\/www.silviutatu.ro\/index.php\/wp-json\/wp\/v2\/pages\/125\/revisions\/155"}],"wp:attachment":[{"href":"http:\/\/www.silviutatu.ro\/index.php\/wp-json\/wp\/v2\/media?parent=125"}],"curies":[{"name":"wp","href":"https:\/\/api.w.org\/{rel}","templated":true}]}}