{"id":177,"date":"2022-11-29T20:28:11","date_gmt":"2022-11-29T20:28:11","guid":{"rendered":"http:\/\/www.silviutatu.ro\/?page_id=177"},"modified":"2022-11-29T20:28:12","modified_gmt":"2022-11-29T20:28:12","slug":"drepturi-de-autor","status":"publish","type":"page","link":"https:\/\/www.silviutatu.ro\/index.php\/drepturi-de-autor\/","title":{"rendered":"Drepturi de autor"},"content":{"rendered":"<!--themify_builder_content-->\n<div id=\"themify_builder_content-177\" data-postid=\"177\" class=\"themify_builder_content themify_builder_content-177 themify_builder tf_clear\">\n    <\/div>\n<!--\/themify_builder_content-->\n\n\n<p>Toate articolele publicate pe acest blog reprezint\u0103 produsul activit\u0103\u0163ii creatoare personale, cu men\u0163iunea folosirii resurselor indicate acolo unde este cazul. \u00cemi rezerv dreptul de a adnota, corecta, revizui sau retrage oricare dintre articolele postate pe blog, f\u0103r\u0103 vreun preaviz sau men\u0163ion\u0103ri suplimentare. Articolele pot fi citate numai cu men\u0163ionarea corespunz\u0103toare a autorului, Silviu N. Tatu. Am fost nevoit s\u0103 recurg la folosirea ini\u0163ialei tat\u0103lui deoarece exist\u0103 mai multe persoane cu acela\u015fi nume \u015fi prenume pe internet.<\/p>","protected":false},"excerpt":{"rendered":"<p>Toate articolele publicate pe acest blog reprezint\u0103 produsul activit\u0103\u0163ii creatoare personale, cu men\u0163iunea folosirii resurselor indicate acolo unde este cazul. \u00cemi rezerv dreptul de a adnota, corecta, revizui sau retrage oricare dintre articolele postate pe blog, f\u0103r\u0103 vreun preaviz sau men\u0163ion\u0103ri suplimentare. Articolele pot fi citate numai cu men\u0163ionarea corespunz\u0103toare a autorului, Silviu N. Tatu. [&hellip;]<\/p>\n","protected":false},"author":1,"featured_media":0,"parent":0,"menu_order":0,"comment_status":"closed","ping_status":"closed","template":"","meta":{"footnotes":""},"class_list":["post-177","page","type-page","status-publish","hentry","has-post-title","has-post-date","has-post-category","has-post-tag","has-post-comment","has-post-author",""],"builder_content":"","_links":{"self":[{"href":"https:\/\/www.silviutatu.ro\/index.php\/wp-json\/wp\/v2\/pages\/177","targetHints":{"allow":["GET"]}}],"collection":[{"href":"https:\/\/www.silviutatu.ro\/index.php\/wp-json\/wp\/v2\/pages"}],"about":[{"href":"https:\/\/www.silviutatu.ro\/index.php\/wp-json\/wp\/v2\/types\/page"}],"author":[{"embeddable":true,"href":"https:\/\/www.silviutatu.ro\/index.php\/wp-json\/wp\/v2\/users\/1"}],"replies":[{"embeddable":true,"href":"https:\/\/www.silviutatu.ro\/index.php\/wp-json\/wp\/v2\/comments?post=177"}],"version-history":[{"count":2,"href":"https:\/\/www.silviutatu.ro\/index.php\/wp-json\/wp\/v2\/pages\/177\/revisions"}],"predecessor-version":[{"id":179,"href":"https:\/\/www.silviutatu.ro\/index.php\/wp-json\/wp\/v2\/pages\/177\/revisions\/179"}],"wp:attachment":[{"href":"https:\/\/www.silviutatu.ro\/index.php\/wp-json\/wp\/v2\/media?parent=177"}],"curies":[{"name":"wp","href":"https:\/\/api.w.org\/{rel}","templated":true}]}}