{"id":180,"date":"2022-11-29T20:29:04","date_gmt":"2022-11-29T20:29:04","guid":{"rendered":"http:\/\/www.silviutatu.ro\/?page_id=180"},"modified":"2022-11-30T08:30:44","modified_gmt":"2022-11-30T08:30:44","slug":"acknowledgements","status":"publish","type":"page","link":"https:\/\/www.silviutatu.ro\/index.php\/acknowledgements\/","title":{"rendered":"Acknowledgements"},"content":{"rendered":"<!--themify_builder_content-->\n<div id=\"themify_builder_content-180\" data-postid=\"180\" class=\"themify_builder_content themify_builder_content-180 themify_builder tf_clear\">\n    <\/div>\n<!--\/themify_builder_content-->\n\n\n<p>Silvia \u0219i Nicolae Tatu<\/p>\n\n\n\n<p>Ioana \u0219i Toader Pop<\/p>\n\n\n\n<p>Ioan Pop<\/p>\n\n\n\n<p>Beniamin Popl\u0103cean<\/p>\n\n\n\n<p>Cornel Marcu<\/p>\n\n\n\n<p>Cornelia Tatu<\/p>\n\n\n\n<p>Rodica \u0219i Nicolae Top\u00eercean<\/p>\n\n\n\n<p>Emil Barto\u0219<\/p>\n\n\n\n<p>Radu Gheorghi\u021b\u0103<\/p>\n\n\n\n<p>Ana \u0219i Simion Suciu<\/p>\n\n\n\n<p>Societatea Misionar\u0103 Rom\u00e2n\u0103<\/p>\n\n\n\n<p>Mary Lu Johnson<\/p>\n\n\n\n<p>Martin Daubney<\/p>\n\n\n\n<p>Katharina \u0219i Michael Roth<\/p>\n\n\n\n<p>Alan Wendefors<\/p>\n\n\n\n<p>Marianne \u0219i Per-Olov Sandqvist<\/p>\n\n\n\n<p>Mirja \u0219i Halvor Ronning<\/p>\n\n\n\n<p>John F. Tipei<\/p>\n\n\n\n<p>Brian Davies<\/p>\n\n\n\n<p>Wilfred G. E. Watson<\/p>\n\n\n\n<p>James Street Church Oxford<\/p>\n\n\n\n<p>Langham Scholars<\/p>\n\n\n\n<p>John and Kathleen Callow<\/p>\n\n\n\n<p>Frank Andersen<\/p>\n\n\n\n<p><\/p>","protected":false},"excerpt":{"rendered":"<p>Silvia \u0219i Nicolae Tatu Ioana \u0219i Toader Pop Ioan Pop Beniamin Popl\u0103cean Cornel Marcu Cornelia Tatu Rodica \u0219i Nicolae Top\u00eercean Emil Barto\u0219 Radu Gheorghi\u021b\u0103 Ana \u0219i Simion Suciu Societatea Misionar\u0103 Rom\u00e2n\u0103 Mary Lu Johnson Martin Daubney Katharina \u0219i Michael Roth Alan Wendefors Marianne \u0219i Per-Olov Sandqvist Mirja \u0219i Halvor Ronning John F. Tipei Brian Davies [&hellip;]<\/p>\n","protected":false},"author":1,"featured_media":0,"parent":0,"menu_order":0,"comment_status":"closed","ping_status":"closed","template":"","meta":{"footnotes":""},"class_list":["post-180","page","type-page","status-publish","hentry","has-post-title","has-post-date","has-post-category","has-post-tag","has-post-comment","has-post-author",""],"builder_content":"","_links":{"self":[{"href":"https:\/\/www.silviutatu.ro\/index.php\/wp-json\/wp\/v2\/pages\/180","targetHints":{"allow":["GET"]}}],"collection":[{"href":"https:\/\/www.silviutatu.ro\/index.php\/wp-json\/wp\/v2\/pages"}],"about":[{"href":"https:\/\/www.silviutatu.ro\/index.php\/wp-json\/wp\/v2\/types\/page"}],"author":[{"embeddable":true,"href":"https:\/\/www.silviutatu.ro\/index.php\/wp-json\/wp\/v2\/users\/1"}],"replies":[{"embeddable":true,"href":"https:\/\/www.silviutatu.ro\/index.php\/wp-json\/wp\/v2\/comments?post=180"}],"version-history":[{"count":4,"href":"https:\/\/www.silviutatu.ro\/index.php\/wp-json\/wp\/v2\/pages\/180\/revisions"}],"predecessor-version":[{"id":199,"href":"https:\/\/www.silviutatu.ro\/index.php\/wp-json\/wp\/v2\/pages\/180\/revisions\/199"}],"wp:attachment":[{"href":"https:\/\/www.silviutatu.ro\/index.php\/wp-json\/wp\/v2\/media?parent=180"}],"curies":[{"name":"wp","href":"https:\/\/api.w.org\/{rel}","templated":true}]}}